{"id":349,"date":"2023-06-06T10:48:28","date_gmt":"2023-06-06T10:48:28","guid":{"rendered":"https:\/\/staging.pvenergy.at\/?page_id=349"},"modified":"2025-02-16T23:45:17","modified_gmt":"2025-02-16T23:45:17","slug":"impressum","status":"publish","type":"page","link":"https:\/\/pvenergy.at\/en\/impressum\/","title":{"rendered":"Imprint"},"content":{"rendered":"<div data-elementor-type=\"wp-page\" data-elementor-id=\"349\" class=\"elementor elementor-349\">\n\t\t\t\t\t\t\t\t\t<section class=\"elementor-section elementor-top-section elementor-element elementor-element-906120f elementor-section-boxed elementor-section-height-default elementor-section-height-default\" data-id=\"906120f\" data-element_type=\"section\">\n\t\t\t\t\t\t<div class=\"elementor-container elementor-column-gap-default\">\n\t\t\t\t\t<div class=\"elementor-column elementor-col-100 elementor-top-column elementor-element elementor-element-fad3c4d\" data-id=\"fad3c4d\" data-element_type=\"column\">\n\t\t\t<div class=\"elementor-widget-wrap elementor-element-populated\">\n\t\t\t\t\t\t\t\t<div class=\"elementor-element elementor-element-3bfbc2c elementor-widget elementor-widget-spacer\" data-id=\"3bfbc2c\" data-element_type=\"widget\" data-widget_type=\"spacer.default\">\n\t\t\t\t<div class=\"elementor-widget-container\">\n\t\t\t<style>\/*! elementor - v3.13.3 - 28-05-2023 *\/\n.elementor-column .elementor-spacer-inner{height:var(--spacer-size)}.e-con{--container-widget-width:100%}.e-con-inner>.elementor-widget-spacer,.e-con>.elementor-widget-spacer{width:var(--container-widget-width,var(--spacer-size));--align-self:var(--container-widget-align-self,initial);--flex-shrink:0}.e-con-inner>.elementor-widget-spacer>.elementor-widget-container,.e-con-inner>.elementor-widget-spacer>.elementor-widget-container>.elementor-spacer,.e-con>.elementor-widget-spacer>.elementor-widget-container,.e-con>.elementor-widget-spacer>.elementor-widget-container>.elementor-spacer{height:100%}.e-con-inner>.elementor-widget-spacer>.elementor-widget-container>.elementor-spacer>.elementor-spacer-inner,.e-con>.elementor-widget-spacer>.elementor-widget-container>.elementor-spacer>.elementor-spacer-inner{height:var(--container-widget-height,var(--spacer-size))}<\/style>\t\t<div class=\"elementor-spacer\">\n\t\t\t<div class=\"elementor-spacer-inner\"><\/div>\n\t\t<\/div>\n\t\t\t\t<\/div>\n\t\t\t\t<\/div>\n\t\t\t\t\t<\/div>\n\t\t<\/div>\n\t\t\t\t\t\t\t<\/div>\n\t\t<\/section>\n\t\t\t\t<section class=\"elementor-section elementor-top-section elementor-element elementor-element-b762f4e elementor-section-boxed elementor-section-height-default elementor-section-height-default\" data-id=\"b762f4e\" data-element_type=\"section\">\n\t\t\t\t\t\t<div class=\"elementor-container elementor-column-gap-default\">\n\t\t\t\t\t<div class=\"elementor-column elementor-col-100 elementor-top-column elementor-element elementor-element-5a6362d\" data-id=\"5a6362d\" data-element_type=\"column\">\n\t\t\t<div class=\"elementor-widget-wrap elementor-element-populated\">\n\t\t\t\t\t\t\t\t<div class=\"elementor-element elementor-element-0251c94 elementor-widget elementor-widget-heading\" data-id=\"0251c94\" data-element_type=\"widget\" data-widget_type=\"heading.default\">\n\t\t\t\t<div class=\"elementor-widget-container\">\n\t\t\t<style>\/*! elementor - v3.13.3 - 28-05-2023 *\/\n.elementor-heading-title{padding:0;margin:0;line-height:1}.elementor-widget-heading .elementor-heading-title[class*=elementor-size-]>a{color:inherit;font-size:inherit;line-height:inherit}.elementor-widget-heading .elementor-heading-title.elementor-size-small{font-size:15px}.elementor-widget-heading .elementor-heading-title.elementor-size-medium{font-size:19px}.elementor-widget-heading .elementor-heading-title.elementor-size-large{font-size:29px}.elementor-widget-heading .elementor-heading-title.elementor-size-xl{font-size:39px}.elementor-widget-heading .elementor-heading-title.elementor-size-xxl{font-size:59px}<\/style><h2 class=\"elementor-heading-title elementor-size-default\">Imprint<\/h2>\t\t<\/div>\n\t\t\t\t<\/div>\n\t\t\t\t\t<\/div>\n\t\t<\/div>\n\t\t\t\t\t\t\t<\/div>\n\t\t<\/section>\n\t\t\t\t<section class=\"elementor-section elementor-top-section elementor-element elementor-element-516f4a70 elementor-section-boxed elementor-section-height-default elementor-section-height-default\" data-id=\"516f4a70\" data-element_type=\"section\">\n\t\t\t\t\t\t<div class=\"elementor-container elementor-column-gap-default\">\n\t\t\t\t\t<div class=\"elementor-column elementor-col-100 elementor-top-column elementor-element elementor-element-69585a0\" data-id=\"69585a0\" data-element_type=\"column\">\n\t\t\t<div class=\"elementor-widget-wrap elementor-element-populated\">\n\t\t\t\t\t\t\t\t<div class=\"elementor-element elementor-element-42cacacf elementor-widget elementor-widget-text-editor\" data-id=\"42cacacf\" data-element_type=\"widget\" data-widget_type=\"text-editor.default\">\n\t\t\t\t<div class=\"elementor-widget-container\">\n\t\t\t<style>\/*! elementor - v3.13.3 - 28-05-2023 *\/\n.elementor-widget-text-editor.elementor-drop-cap-view-stacked .elementor-drop-cap{background-color:#69727d;color:#fff}.elementor-widget-text-editor.elementor-drop-cap-view-framed .elementor-drop-cap{color:#69727d;border:3px solid;background-color:transparent}.elementor-widget-text-editor:not(.elementor-drop-cap-view-default) .elementor-drop-cap{margin-top:8px}.elementor-widget-text-editor:not(.elementor-drop-cap-view-default) .elementor-drop-cap-letter{width:1em;height:1em}.elementor-widget-text-editor .elementor-drop-cap{float:left;text-align:center;line-height:1;font-size:50px}.elementor-widget-text-editor .elementor-drop-cap-letter{display:inline-block}<\/style>\t\t\t\t<!-- wp:paragraph -->\n<p><strong>PV Energy GmbH<\/strong><\/p>\n<!-- \/wp:paragraph --><!-- wp:paragraph -->\n<p>H\u00fcbing 37<br \/>AT-4974 Reichersberg<br \/>Telefon: +43\u00a0650 98 13 479<br \/>E-mail: office@pvenergy.at<br \/>Company register number: FN 548982 b<br \/>CEO: Marko Radojicic<br \/>Commercial Register Court: Regional Court Ried im Innkreis<br \/>Chamber affiliation: Upper Austrian Chamber of Commerce<br \/>VAT-Code: ATU76433423<\/p>\n<!-- \/wp:paragraph --><!-- wp:paragraph -->\n<p>All information on this server is protected by copyright and is provided without guarantee. PV Energy GmbH accepts no liability for the content of the pages presented or for data transmitted to us.<\/p>\n<!-- \/wp:paragraph --><!-- wp:paragraph -->\n<p>Readers of our pages are authorised to use the information exclusively for their personal use. Readers are not authorised to exploit, reproduce, electronically disseminate or modify parts of the offers.<\/p>\n<!-- \/wp:paragraph -->\t\t\t\t\t\t<\/div>\n\t\t\t\t<\/div>\n\t\t\t\t\t<\/div>\n\t\t<\/div>\n\t\t\t\t\t\t\t<\/div>\n\t\t<\/section>\n\t\t\t\t<section class=\"elementor-section elementor-top-section elementor-element elementor-element-a6cd740 elementor-section-boxed elementor-section-height-default elementor-section-height-default\" data-id=\"a6cd740\" data-element_type=\"section\">\n\t\t\t\t\t\t<div class=\"elementor-container elementor-column-gap-default\">\n\t\t\t\t\t<div class=\"elementor-column elementor-col-100 elementor-top-column elementor-element elementor-element-05de6f3\" data-id=\"05de6f3\" data-element_type=\"column\">\n\t\t\t<div class=\"elementor-widget-wrap elementor-element-populated\">\n\t\t\t\t\t\t\t\t<div class=\"elementor-element elementor-element-b24bca3 elementor-widget elementor-widget-spacer\" data-id=\"b24bca3\" data-element_type=\"widget\" data-widget_type=\"spacer.default\">\n\t\t\t\t<div class=\"elementor-widget-container\">\n\t\t\t\t\t<div class=\"elementor-spacer\">\n\t\t\t<div class=\"elementor-spacer-inner\"><\/div>\n\t\t<\/div>\n\t\t\t\t<\/div>\n\t\t\t\t<\/div>\n\t\t\t\t\t<\/div>\n\t\t<\/div>\n\t\t\t\t\t\t\t<\/div>\n\t\t<\/section>\n\t\t\t\t\t\t\t<\/div>","protected":false},"excerpt":{"rendered":"<p>Impressum PV Energy GmbH H\u00fcbing 37AT-4974 ReichersbergTelefon: +43\u00a0650 98 13 479E-Mail: office@pvenergy.atFirmenbuchnummer: FN 548982 bGesch\u00e4ftsf\u00fchrung: Marko RadojicicFirmenbuchgericht: Landesgericht Ried im InnkreisKammerzugeh\u00f6rigkeit: Wirtschaftskammer O\u00d6UID-Nummer: ATU76433423 Alle Informationen auf diesem Server sind urheberrechtlich gesch\u00fctzt und erfolgen ohne Gew\u00e4hr. Die PV Energy GmbH \u00fcbernimmt keine Haftung f\u00fcr den Inhalt der pr\u00e4sentierten Seiten oder an uns \u00fcbermittelte Daten. Die [&hellip;]<\/p>","protected":false},"author":1,"featured_media":0,"parent":0,"menu_order":0,"comment_status":"closed","ping_status":"closed","template":"","meta":{"_monsterinsights_skip_tracking":false,"_monsterinsights_sitenote_active":false,"_monsterinsights_sitenote_note":"","_monsterinsights_sitenote_category":0,"footnotes":""},"class_list":["post-349","page","type-page","status-publish","hentry"],"yoast_head":"<!-- This site is optimized with the Yoast SEO plugin v21.5 - https:\/\/yoast.com\/wordpress\/plugins\/seo\/ -->\n<title>Impressum - PV Energy GmbH<\/title>\n<meta name=\"robots\" content=\"index, follow, max-snippet:-1, max-image-preview:large, max-video-preview:-1\" \/>\n<link rel=\"canonical\" href=\"https:\/\/pvenergy.at\/en\/impressum\/\" \/>\n<meta property=\"og:locale\" content=\"en_GB\" \/>\n<meta property=\"og:type\" content=\"article\" \/>\n<meta property=\"og:title\" content=\"Impressum - PV Energy GmbH\" \/>\n<meta property=\"og:description\" content=\"Impressum PV Energy GmbH H\u00fcbing 37AT-4974 ReichersbergTelefon: +43\u00a0650 98 13 479E-Mail: office@pvenergy.atFirmenbuchnummer: FN 548982 bGesch\u00e4ftsf\u00fchrung: Marko RadojicicFirmenbuchgericht: Landesgericht Ried im InnkreisKammerzugeh\u00f6rigkeit: Wirtschaftskammer O\u00d6UID-Nummer: ATU76433423 Alle Informationen auf diesem Server sind urheberrechtlich gesch\u00fctzt und erfolgen ohne Gew\u00e4hr. Die PV Energy GmbH \u00fcbernimmt keine Haftung f\u00fcr den Inhalt der pr\u00e4sentierten Seiten oder an uns \u00fcbermittelte Daten. Die [&hellip;]\" \/>\n<meta property=\"og:url\" content=\"https:\/\/pvenergy.at\/en\/impressum\/\" \/>\n<meta property=\"og:site_name\" content=\"PV Energy GmbH\" \/>\n<meta property=\"article:modified_time\" content=\"2025-02-16T23:45:17+00:00\" \/>\n<meta property=\"og:image\" content=\"https:\/\/pvenergy.at\/wp-content\/uploads\/2023\/06\/photovoltaics_Logo-cropped.png\" \/>\n\t<meta property=\"og:image:width\" content=\"559\" \/>\n\t<meta property=\"og:image:height\" content=\"447\" \/>\n\t<meta property=\"og:image:type\" content=\"image\/png\" \/>\n<meta name=\"twitter:card\" content=\"summary_large_image\" \/>\n<meta name=\"twitter:label1\" content=\"Estimated reading time\" \/>\n\t<meta name=\"twitter:data1\" content=\"1 minute\" \/>\n<script type=\"application\/ld+json\" class=\"yoast-schema-graph\">{\"@context\":\"https:\/\/schema.org\",\"@graph\":[{\"@type\":\"WebPage\",\"@id\":\"https:\/\/pvenergy.at\/impressum\/\",\"url\":\"https:\/\/pvenergy.at\/impressum\/\",\"name\":\"Impressum - PV Energy GmbH\",\"isPartOf\":{\"@id\":\"https:\/\/pvenergy.at\/#website\"},\"datePublished\":\"2023-06-06T10:48:28+00:00\",\"dateModified\":\"2025-02-16T23:45:17+00:00\",\"breadcrumb\":{\"@id\":\"https:\/\/pvenergy.at\/impressum\/#breadcrumb\"},\"inLanguage\":\"en-GB\",\"potentialAction\":[{\"@type\":\"ReadAction\",\"target\":[\"https:\/\/pvenergy.at\/impressum\/\"]}]},{\"@type\":\"BreadcrumbList\",\"@id\":\"https:\/\/pvenergy.at\/impressum\/#breadcrumb\",\"itemListElement\":[{\"@type\":\"ListItem\",\"position\":1,\"name\":\"Startseite\",\"item\":\"https:\/\/pvenergy.at\/\"},{\"@type\":\"ListItem\",\"position\":2,\"name\":\"Impressum\"}]},{\"@type\":\"WebSite\",\"@id\":\"https:\/\/pvenergy.at\/#website\",\"url\":\"https:\/\/pvenergy.at\/\",\"name\":\"PV Energy\",\"description\":\"Photovoltaik-Dienstleistungen in Ried im Innkreis: wir bieten professionelle Planung, Installation und Wartung von Solaranlagen.\",\"publisher\":{\"@id\":\"https:\/\/pvenergy.at\/#organization\"},\"potentialAction\":[{\"@type\":\"SearchAction\",\"target\":{\"@type\":\"EntryPoint\",\"urlTemplate\":\"https:\/\/pvenergy.at\/?s={search_term_string}\"},\"query-input\":\"required name=search_term_string\"}],\"inLanguage\":\"en-GB\"},{\"@type\":\"Organization\",\"@id\":\"https:\/\/pvenergy.at\/#organization\",\"name\":\"PV Energy GmbH\",\"url\":\"https:\/\/pvenergy.at\/\",\"logo\":{\"@type\":\"ImageObject\",\"inLanguage\":\"en-GB\",\"@id\":\"https:\/\/pvenergy.at\/#\/schema\/logo\/image\/\",\"url\":\"https:\/\/pvenergy.at\/wp-content\/uploads\/2023\/06\/photovoltaics_Logo-cropped.png\",\"contentUrl\":\"https:\/\/pvenergy.at\/wp-content\/uploads\/2023\/06\/photovoltaics_Logo-cropped.png\",\"width\":559,\"height\":447,\"caption\":\"PV Energy GmbH\"},\"image\":{\"@id\":\"https:\/\/pvenergy.at\/#\/schema\/logo\/image\/\"},\"sameAs\":[\"https:\/\/www.instagram.com\/pvenergygmbh\/\"]}]}<\/script>\n<!-- \/ Yoast SEO plugin. -->","yoast_head_json":{"title":"Impressum - PV Energy GmbH","robots":{"index":"index","follow":"follow","max-snippet":"max-snippet:-1","max-image-preview":"max-image-preview:large","max-video-preview":"max-video-preview:-1"},"canonical":"https:\/\/pvenergy.at\/en\/impressum\/","og_locale":"en_GB","og_type":"article","og_title":"Impressum - PV Energy GmbH","og_description":"Impressum PV Energy GmbH H\u00fcbing 37AT-4974 ReichersbergTelefon: +43\u00a0650 98 13 479E-Mail: office@pvenergy.atFirmenbuchnummer: FN 548982 bGesch\u00e4ftsf\u00fchrung: Marko RadojicicFirmenbuchgericht: Landesgericht Ried im InnkreisKammerzugeh\u00f6rigkeit: Wirtschaftskammer O\u00d6UID-Nummer: ATU76433423 Alle Informationen auf diesem Server sind urheberrechtlich gesch\u00fctzt und erfolgen ohne Gew\u00e4hr. Die PV Energy GmbH \u00fcbernimmt keine Haftung f\u00fcr den Inhalt der pr\u00e4sentierten Seiten oder an uns \u00fcbermittelte Daten. Die [&hellip;]","og_url":"https:\/\/pvenergy.at\/en\/impressum\/","og_site_name":"PV Energy GmbH","article_modified_time":"2025-02-16T23:45:17+00:00","og_image":[{"width":559,"height":447,"url":"https:\/\/pvenergy.at\/wp-content\/uploads\/2023\/06\/photovoltaics_Logo-cropped.png","type":"image\/png"}],"twitter_card":"summary_large_image","twitter_misc":{"Estimated reading time":"1 minute"},"schema":{"@context":"https:\/\/schema.org","@graph":[{"@type":"WebPage","@id":"https:\/\/pvenergy.at\/impressum\/","url":"https:\/\/pvenergy.at\/impressum\/","name":"Impressum - PV Energy GmbH","isPartOf":{"@id":"https:\/\/pvenergy.at\/#website"},"datePublished":"2023-06-06T10:48:28+00:00","dateModified":"2025-02-16T23:45:17+00:00","breadcrumb":{"@id":"https:\/\/pvenergy.at\/impressum\/#breadcrumb"},"inLanguage":"en-GB","potentialAction":[{"@type":"ReadAction","target":["https:\/\/pvenergy.at\/impressum\/"]}]},{"@type":"BreadcrumbList","@id":"https:\/\/pvenergy.at\/impressum\/#breadcrumb","itemListElement":[{"@type":"ListItem","position":1,"name":"Startseite","item":"https:\/\/pvenergy.at\/"},{"@type":"ListItem","position":2,"name":"Impressum"}]},{"@type":"WebSite","@id":"https:\/\/pvenergy.at\/#website","url":"https:\/\/pvenergy.at\/","name":"PV Energy","description":"Photovoltaik-Dienstleistungen in Ried im Innkreis: wir bieten professionelle Planung, Installation und Wartung von Solaranlagen.","publisher":{"@id":"https:\/\/pvenergy.at\/#organization"},"potentialAction":[{"@type":"SearchAction","target":{"@type":"EntryPoint","urlTemplate":"https:\/\/pvenergy.at\/?s={search_term_string}"},"query-input":"required name=search_term_string"}],"inLanguage":"en-GB"},{"@type":"Organization","@id":"https:\/\/pvenergy.at\/#organization","name":"PV Energy GmbH","url":"https:\/\/pvenergy.at\/","logo":{"@type":"ImageObject","inLanguage":"en-GB","@id":"https:\/\/pvenergy.at\/#\/schema\/logo\/image\/","url":"https:\/\/pvenergy.at\/wp-content\/uploads\/2023\/06\/photovoltaics_Logo-cropped.png","contentUrl":"https:\/\/pvenergy.at\/wp-content\/uploads\/2023\/06\/photovoltaics_Logo-cropped.png","width":559,"height":447,"caption":"PV Energy GmbH"},"image":{"@id":"https:\/\/pvenergy.at\/#\/schema\/logo\/image\/"},"sameAs":["https:\/\/www.instagram.com\/pvenergygmbh\/"]}]}},"_links":{"self":[{"href":"https:\/\/pvenergy.at\/en\/wp-json\/wp\/v2\/pages\/349","targetHints":{"allow":["GET"]}}],"collection":[{"href":"https:\/\/pvenergy.at\/en\/wp-json\/wp\/v2\/pages"}],"about":[{"href":"https:\/\/pvenergy.at\/en\/wp-json\/wp\/v2\/types\/page"}],"author":[{"embeddable":true,"href":"https:\/\/pvenergy.at\/en\/wp-json\/wp\/v2\/users\/1"}],"replies":[{"embeddable":true,"href":"https:\/\/pvenergy.at\/en\/wp-json\/wp\/v2\/comments?post=349"}],"version-history":[{"count":23,"href":"https:\/\/pvenergy.at\/en\/wp-json\/wp\/v2\/pages\/349\/revisions"}],"predecessor-version":[{"id":1969,"href":"https:\/\/pvenergy.at\/en\/wp-json\/wp\/v2\/pages\/349\/revisions\/1969"}],"wp:attachment":[{"href":"https:\/\/pvenergy.at\/en\/wp-json\/wp\/v2\/media?parent=349"}],"curies":[{"name":"wp","href":"https:\/\/api.w.org\/{rel}","templated":true}]}}